{"id":9147,"date":"2021-05-19T10:15:11","date_gmt":"2021-05-19T15:15:11","guid":{"rendered":"https:\/\/www.ideadirecta.com\/tienda-en-linea\/?page_id=9147"},"modified":"2021-05-19T10:41:50","modified_gmt":"2021-05-19T15:41:50","slug":"idea-directa","status":"publish","type":"page","link":"https:\/\/www.ideadirecta.com\/tienda-en-linea\/","title":{"rendered":"Idea Directa"},"content":{"rendered":"\t\t<div data-elementor-type=\"wp-page\" data-elementor-id=\"9147\" class=\"elementor elementor-9147\" data-elementor-settings=\"[]\">\n\t\t\t\t\t\t\t<div class=\"elementor-section-wrap\">\n\t\t\t\t\t\t\t<section class=\"wd-negative-gap elementor-section elementor-top-section elementor-element elementor-element-faff604 elementor-section-height-full elementor-section-boxed elementor-section-height-default elementor-section-items-middle\" data-id=\"faff604\" data-element_type=\"section\">\n\t\t\t\t\t\t<div class=\"elementor-container elementor-column-gap-default\">\n\t\t\t\t\t<div class=\"elementor-column elementor-col-100 elementor-top-column elementor-element elementor-element-7d5c85c\" data-id=\"7d5c85c\" data-element_type=\"column\">\n\t\t\t<div class=\"elementor-widget-wrap elementor-element-populated\">\n\t\t\t\t\t\t\t\t<div class=\"elementor-element elementor-element-72bf37e elementor-widget elementor-widget-image\" data-id=\"72bf37e\" data-element_type=\"widget\" data-widget_type=\"image.default\">\n\t\t\t\t<div class=\"elementor-widget-container\">\n\t\t\t\t\t<div class=\"elementor-image\">\n\t\t\t\t\t\t\t\t\t\t<img width=\"350\" height=\"90\" src=\"https:\/\/www.ideadirecta.com\/tienda-en-linea\/wp-content\/uploads\/2021\/05\/idea-directa-agencia-de-publicidad-y-marketing-digital-300x90-1.png\" class=\"attachment-large size-large\" alt=\"\" loading=\"lazy\" srcset=\"https:\/\/www.ideadirecta.com\/tienda-en-linea\/wp-content\/uploads\/2021\/05\/idea-directa-agencia-de-publicidad-y-marketing-digital-300x90-1.png 350w, https:\/\/www.ideadirecta.com\/tienda-en-linea\/wp-content\/uploads\/2021\/05\/idea-directa-agencia-de-publicidad-y-marketing-digital-300x90-1-300x77.png 300w\" sizes=\"(max-width: 350px) 100vw, 350px\" \/>\t\t\t\t\t\t\t\t\t\t\t<\/div>\n\t\t\t\t<\/div>\n\t\t\t\t<\/div>\n\t\t\t\t<section class=\"wd-negative-gap elementor-section elementor-inner-section elementor-element elementor-element-90bbb8c elementor-section-content-middle elementor-section-boxed elementor-section-height-default elementor-section-height-default\" data-id=\"90bbb8c\" data-element_type=\"section\">\n\t\t\t\t\t\t<div class=\"elementor-container elementor-column-gap-default\">\n\t\t\t\t\t<div class=\"elementor-column elementor-col-33 elementor-inner-column elementor-element elementor-element-2bfafba\" data-id=\"2bfafba\" data-element_type=\"column\">\n\t\t\t<div class=\"elementor-widget-wrap\">\n\t\t\t\t\t\t\t\t\t<\/div>\n\t\t<\/div>\n\t\t\t\t<div class=\"elementor-column elementor-col-33 elementor-inner-column elementor-element elementor-element-69ec0a0\" data-id=\"69ec0a0\" data-element_type=\"column\">\n\t\t\t<div class=\"elementor-widget-wrap elementor-element-populated\">\n\t\t\t\t\t\t\t\t<div class=\"elementor-element elementor-element-b17316c elementor-widget elementor-widget-image\" data-id=\"b17316c\" data-element_type=\"widget\" data-widget_type=\"image.default\">\n\t\t\t\t<div class=\"elementor-widget-container\">\n\t\t\t\t\t<div class=\"elementor-image\">\n\t\t\t\t\t\t\t\t\t\t<img width=\"234\" height=\"300\" src=\"https:\/\/www.ideadirecta.com\/tienda-en-linea\/wp-content\/uploads\/2021\/05\/enconstruccion-234x300.jpg\" class=\"attachment-medium size-medium\" alt=\"\" loading=\"lazy\" srcset=\"https:\/\/www.ideadirecta.com\/tienda-en-linea\/wp-content\/uploads\/2021\/05\/enconstruccion-234x300.jpg 234w, https:\/\/www.ideadirecta.com\/tienda-en-linea\/wp-content\/uploads\/2021\/05\/enconstruccion.jpg 500w\" sizes=\"(max-width: 234px) 100vw, 234px\" \/>\t\t\t\t\t\t\t\t\t\t\t<\/div>\n\t\t\t\t<\/div>\n\t\t\t\t<\/div>\n\t\t\t\t<div class=\"elementor-element elementor-element-c40adab elementor-button-success elementor-align-center elementor-widget elementor-widget-button\" data-id=\"c40adab\" data-element_type=\"widget\" data-widget_type=\"button.default\">\n\t\t\t\t<div class=\"elementor-widget-container\">\n\t\t\t\t\t<div class=\"elementor-button-wrapper\">\n\t\t\t<a href=\"https:\/\/www.ideadirecta.com\/contactenos\" class=\"elementor-button-link elementor-button elementor-size-sm\" role=\"button\">\n\t\t\t\t\t\t<span class=\"elementor-button-content-wrapper\">\n\t\t\t\t\t\t<span class=\"elementor-button-text\">CONT\u00c1CTENOS<\/span>\n\t\t<\/span>\n\t\t\t\t\t<\/a>\n\t\t<\/div>\n\t\t\t\t<\/div>\n\t\t\t\t<\/div>\n\t\t\t\t\t<\/div>\n\t\t<\/div>\n\t\t\t\t<div class=\"elementor-column elementor-col-33 elementor-inner-column elementor-element elementor-element-2b4bf58\" data-id=\"2b4bf58\" data-element_type=\"column\">\n\t\t\t<div class=\"elementor-widget-wrap\">\n\t\t\t\t\t\t\t\t\t<\/div>\n\t\t<\/div>\n\t\t\t\t\t\t\t<\/div>\n\t\t<\/section>\n\t\t\t\t\t<\/div>\n\t\t<\/div>\n\t\t\t\t\t\t\t<\/div>\n\t\t<\/section>\n\t\t\t\t\t\t<\/div>\n\t\t\t\t\t<\/div>\n\t\t","protected":false},"excerpt":{"rendered":"<p>Gracias por tu inter\u00e9s en nuestros productos y servicios. Nuestra tienda en l\u00ednea est\u00e1 siendo actualizada en este momento. Regresa<\/p>\n","protected":false},"author":1,"featured_media":0,"parent":0,"menu_order":0,"comment_status":"closed","ping_status":"closed","template":"elementor_canvas","meta":[],"_links":{"self":[{"href":"https:\/\/www.ideadirecta.com\/tienda-en-linea\/wp-json\/wp\/v2\/pages\/9147"}],"collection":[{"href":"https:\/\/www.ideadirecta.com\/tienda-en-linea\/wp-json\/wp\/v2\/pages"}],"about":[{"href":"https:\/\/www.ideadirecta.com\/tienda-en-linea\/wp-json\/wp\/v2\/types\/page"}],"author":[{"embeddable":true,"href":"https:\/\/www.ideadirecta.com\/tienda-en-linea\/wp-json\/wp\/v2\/users\/1"}],"replies":[{"embeddable":true,"href":"https:\/\/www.ideadirecta.com\/tienda-en-linea\/wp-json\/wp\/v2\/comments?post=9147"}],"version-history":[{"count":31,"href":"https:\/\/www.ideadirecta.com\/tienda-en-linea\/wp-json\/wp\/v2\/pages\/9147\/revisions"}],"predecessor-version":[{"id":9182,"href":"https:\/\/www.ideadirecta.com\/tienda-en-linea\/wp-json\/wp\/v2\/pages\/9147\/revisions\/9182"}],"wp:attachment":[{"href":"https:\/\/www.ideadirecta.com\/tienda-en-linea\/wp-json\/wp\/v2\/media?parent=9147"}],"curies":[{"name":"wp","href":"https:\/\/api.w.org\/{rel}","templated":true}]}}